{"id":5578,"date":"2024-01-12T13:15:53","date_gmt":"2024-01-12T12:15:53","guid":{"rendered":"https:\/\/subterranologie.com\/?page_id=5578"},"modified":"2025-02-23T20:21:19","modified_gmt":"2025-02-23T19:21:19","slug":"accueil","status":"publish","type":"page","link":"https:\/\/subterranologie.com\/en\/","title":{"rendered":"Accueil"},"content":{"rendered":"\n<div class=\"wp-block-cover alignfull\" style=\"min-height:100vh;aspect-ratio:unset;\"><span aria-hidden=\"true\" class=\"wp-block-cover__background has-background-dim-0 has-background-dim\" style=\"background-color:#595756\"><\/span><img loading=\"lazy\" decoding=\"async\" width=\"2048\" height=\"1490\" class=\"wp-block-cover__image-background wp-image-5619\" alt=\"\" src=\"https:\/\/subterranologie.com\/wp-content\/uploads\/2024\/11\/53135369731_9047634b06_k.jpg\" style=\"object-position:85% 88%\" data-object-fit=\"cover\" data-object-position=\"85% 88%\" srcset=\"https:\/\/subterranologie.com\/wp-content\/uploads\/2024\/11\/53135369731_9047634b06_k.jpg 2048w, https:\/\/subterranologie.com\/wp-content\/uploads\/2024\/11\/53135369731_9047634b06_k-300x218.jpg 300w, https:\/\/subterranologie.com\/wp-content\/uploads\/2024\/11\/53135369731_9047634b06_k-1024x745.jpg 1024w, https:\/\/subterranologie.com\/wp-content\/uploads\/2024\/11\/53135369731_9047634b06_k-768x559.jpg 768w, https:\/\/subterranologie.com\/wp-content\/uploads\/2024\/11\/53135369731_9047634b06_k-1536x1118.jpg 1536w, https:\/\/subterranologie.com\/wp-content\/uploads\/2024\/11\/53135369731_9047634b06_k-500x364.jpg 500w, https:\/\/subterranologie.com\/wp-content\/uploads\/2024\/11\/53135369731_9047634b06_k-800x582.jpg 800w, https:\/\/subterranologie.com\/wp-content\/uploads\/2024\/11\/53135369731_9047634b06_k-1280x931.jpg 1280w, https:\/\/subterranologie.com\/wp-content\/uploads\/2024\/11\/53135369731_9047634b06_k-1920x1397.jpg 1920w\" sizes=\"auto, (max-width: 2048px) 100vw, 2048px\" \/><div class=\"wp-block-cover__inner-container is-layout-constrained wp-block-cover-is-layout-constrained\">\n<div class=\"wp-block-columns is-layout-flex wp-container-core-columns-is-layout-9d6595d7 wp-block-columns-is-layout-flex\">\n<div class=\"wp-block-column is-layout-flow wp-block-column-is-layout-flow\" style=\"flex-basis:150px\">\n<div style=\"height:30px\" aria-hidden=\"true\" class=\"wp-block-spacer\"><\/div>\n\n\n\n<div style=\"height:30px\" aria-hidden=\"true\" class=\"wp-block-spacer\"><\/div>\n<\/div>\n\n\n\n<div class=\"wp-block-column is-layout-flow wp-block-column-is-layout-flow\" style=\"flex-basis:400px\">\n<h2 class=\"wp-block-heading has-text-align-center has-white-color has-text-color has-link-color has-large-font-size wp-elements-939cafdcd619cd535961a393902f8751\">Virtual tours<\/h2>\n\n\n\n<div style=\"height:55px\" aria-hidden=\"true\" class=\"wp-block-spacer\"><\/div>\n\n\n\n<p class=\"has-text-align-center has-white-color has-text-color has-background has-link-color wp-elements-65b432914788b42972c28714f28adcdc\" style=\"background-color:#00000024;font-size:15px\">Welcome to my immersive collection of virtual tours dedicated to underground heritage. These captivating tours will take you to places rich in history.<\/p>\n\n\n\n<div class=\"wp-block-buttons is-content-justification-center is-layout-flex wp-container-core-buttons-is-layout-16018d1d wp-block-buttons-is-layout-flex\">\n<div class=\"wp-block-button has-custom-width wp-block-button__width-75 has-custom-font-size is-style-outline has-medium-font-size is-style-outline--1\"><a class=\"wp-block-button__link has-white-color has-text-color has-background has-link-color has-text-align-center wp-element-button\" href=\"https:\/\/subterranologie.com\/en\/virtual-tours-of-underground-heritage\/\" style=\"background-color:#000000b8\">Discover<\/a><\/div>\n<\/div>\n<\/div>\n\n\n\n<div class=\"wp-block-column is-layout-flow wp-block-column-is-layout-flow\"><\/div>\n<\/div>\n<\/div><\/div>\n\n\n\n<div class=\"wp-block-cover alignfull has-parallax has-custom-content-position is-position-center-right\" style=\"min-height:100vh;aspect-ratio:unset;\"><span aria-hidden=\"true\" class=\"wp-block-cover__background has-background-dim-40 has-background-dim\" style=\"background-color:#000000\"><\/span><div class=\"wp-block-cover__image-background wp-image-3970 has-parallax\" style=\"background-position:50% 50%;background-image:url(https:\/\/subterranologie.com\/wp-content\/uploads\/2024\/08\/Salles-des-meduses-magiques-3-1-1-scaled.jpg)\"><\/div><div class=\"wp-block-cover__inner-container is-layout-flow wp-block-cover-is-layout-flow\">\n<div class=\"wp-block-columns alignwide is-layout-flex wp-container-core-columns-is-layout-9d6595d7 wp-block-columns-is-layout-flex\">\n<div class=\"wp-block-column is-vertically-aligned-top is-layout-flow wp-block-column-is-layout-flow\" style=\"flex-basis:60%\"><\/div>\n\n\n\n<div class=\"wp-block-column is-layout-flow wp-block-column-is-layout-flow\">\n<h2 class=\"wp-block-heading has-text-align-center has-white-color has-text-color has-link-color has-large-font-size wp-elements-c6db6d915436c5c7c75ef8c9ccacd80b\">Underground photographs<\/h2>\n\n\n\n<p class=\"has-text-align-center has-text-color\" style=\"color:#ffffff;font-size:15px\">Explore the hidden depths of our planet through a captivating collection of underground photographs. Let yourself be transported into an amazing world where light plays with shadow, where each shot reveals a new facet of the hidden beauty of our planet.<\/p>\n\n\n\n<div class=\"wp-block-buttons is-content-justification-center is-layout-flex wp-container-core-buttons-is-layout-16018d1d wp-block-buttons-is-layout-flex\">\n<div class=\"wp-block-button has-custom-width wp-block-button__width-75 has-custom-font-size is-style-fill has-medium-font-size\"><a class=\"wp-block-button__link has-background wp-element-button\" href=\"https:\/\/subterranologie.com\/en\/accueil\/underground-landscapes\/\" style=\"background-color:#000000b8\">Discover<\/a><\/div>\n<\/div>\n<\/div>\n<\/div>\n<\/div><\/div>\n\n\n\n<div class=\"wp-block-cover alignfull is-light has-parallax wp-duotone-unset-3\" style=\"min-height:100vh;aspect-ratio:unset;\"><span aria-hidden=\"true\" class=\"wp-block-cover__background has-background-dim-40 has-background-dim\" style=\"background-color:#9f8775\"><\/span><div class=\"wp-block-cover__image-background wp-image-5627 has-parallax\" style=\"background-position:50% 50%;background-image:url(https:\/\/subterranologie.com\/wp-content\/uploads\/2024\/11\/52941114048_be5f312df6_k.jpg)\"><\/div><div class=\"wp-block-cover__inner-container is-layout-constrained wp-block-cover-is-layout-constrained\">\n<div class=\"wp-block-group alignfull has-background\" style=\"background-color:#ffffff00\"><div class=\"wp-block-group__inner-container is-layout-flow wp-block-group-is-layout-flow\">\n<div style=\"height:64px\" aria-hidden=\"true\" class=\"wp-block-spacer\"><\/div>\n\n\n\n<h2 class=\"wp-block-heading has-text-align-center has-white-color has-text-color has-link-color wp-elements-08611ad7a2f2d074ab03a55522c636d4\" id=\"schedule-a-visit\" style=\"font-size:55px;line-height:1.15\"><strong>Communication <\/strong><\/h2>\n\n\n\n<div style=\"height:100px\" aria-hidden=\"true\" class=\"wp-block-spacer\"><\/div>\n\n\n\n<div class=\"wp-block-columns is-layout-flex wp-container-core-columns-is-layout-9d6595d7 wp-block-columns-is-layout-flex\">\n<div class=\"wp-block-column is-layout-flow wp-block-column-is-layout-flow\"><\/div>\n\n\n\n<div class=\"wp-block-column is-layout-flow wp-block-column-is-layout-flow\">\n<h2 class=\"wp-block-heading has-text-align-center has-white-color has-text-color has-link-color has-large-font-size wp-elements-939cafdcd619cd535961a393902f8751\">Virtual tours<\/h2>\n\n\n\n<p class=\"has-white-color has-text-color has-link-color wp-elements-0d799042b3ca768fe9e8bc75d36afca5\">I am a professional photographer passionate about showcasing underground heritage. With my expertise in photography, I offer to create immersive virtual tours that allow your audience to explore these unusual places as if they were there.<\/p>\n<\/div>\n\n\n\n<div class=\"wp-block-column is-layout-flow wp-block-column-is-layout-flow\">\n<h2 class=\"wp-block-heading has-text-align-center has-white-color has-text-color has-link-color has-large-font-size wp-elements-954167c0ce7b149fdefe93160e7aa600\">Photography<\/h2>\n\n\n\n<p class=\"has-white-color has-text-color has-link-color wp-elements-1f53dad845bc85ed1482dcdca116fc6a\">I work for the communication services of museums or on request to carry out professional photography that highlights heritage, historically significant places, or scenographies.<\/p>\n<\/div>\n\n\n\n<div class=\"wp-block-column is-layout-flow wp-block-column-is-layout-flow\"><\/div>\n<\/div>\n\n\n\n<div style=\"height:75px\" aria-hidden=\"true\" class=\"wp-block-spacer\"><\/div>\n\n\n\n<div class=\"wp-block-buttons is-horizontal is-content-justification-center is-layout-flex wp-container-core-buttons-is-layout-499968f5 wp-block-buttons-is-layout-flex\">\n<div class=\"wp-block-button has-custom-width wp-block-button__width-75 is-style-outline is-style-outline--2\"><a class=\"wp-block-button__link has-text-color has-background wp-element-button\" href=\"https:\/\/subterranologie.com\/en\/formulaire-de-contact\/\" style=\"border-radius:50px;color:#ffffff;background-color:#00000066\">Contact me<\/a><\/div>\n<\/div>\n\n\n\n<div style=\"height:64px\" aria-hidden=\"true\" class=\"wp-block-spacer\"><\/div>\n<\/div><\/div>\n<\/div><\/div>\n","protected":false},"excerpt":{"rendered":"","protected":false},"author":1,"featured_media":0,"parent":0,"menu_order":0,"comment_status":"closed","ping_status":"closed","template":"","meta":{"ocean_post_layout":"full-width","ocean_both_sidebars_style":"","ocean_both_sidebars_content_width":0,"ocean_both_sidebars_sidebars_width":0,"ocean_sidebar":"","ocean_second_sidebar":"","ocean_disable_margins":"enable","ocean_add_body_class":"","ocean_shortcode_before_top_bar":"","ocean_shortcode_after_top_bar":"","ocean_shortcode_before_header":"","ocean_shortcode_after_header":"","ocean_has_shortcode":"","ocean_shortcode_after_title":"","ocean_shortcode_before_footer_widgets":"","ocean_shortcode_after_footer_widgets":"","ocean_shortcode_before_footer_bottom":"","ocean_shortcode_after_footer_bottom":"","ocean_display_top_bar":"off","ocean_display_header":"on","ocean_header_style":"","ocean_center_header_left_menu":"","ocean_custom_header_template":"","ocean_custom_logo":65,"ocean_custom_retina_logo":65,"ocean_custom_logo_max_width":300,"ocean_custom_logo_tablet_max_width":350,"ocean_custom_logo_mobile_max_width":180,"ocean_custom_logo_max_height":300,"ocean_custom_logo_tablet_max_height":350,"ocean_custom_logo_mobile_max_height":0,"ocean_header_custom_menu":"","ocean_menu_typo_font_family":"","ocean_menu_typo_font_subset":"","ocean_menu_typo_font_size":0,"ocean_menu_typo_font_size_tablet":0,"ocean_menu_typo_font_size_mobile":0,"ocean_menu_typo_font_size_unit":"px","ocean_menu_typo_font_weight":"","ocean_menu_typo_font_weight_tablet":"","ocean_menu_typo_font_weight_mobile":"","ocean_menu_typo_transform":"","ocean_menu_typo_transform_tablet":"","ocean_menu_typo_transform_mobile":"","ocean_menu_typo_line_height":0,"ocean_menu_typo_line_height_tablet":0,"ocean_menu_typo_line_height_mobile":0,"ocean_menu_typo_line_height_unit":"","ocean_menu_typo_spacing":0,"ocean_menu_typo_spacing_tablet":0,"ocean_menu_typo_spacing_mobile":0,"ocean_menu_typo_spacing_unit":"","ocean_menu_link_color":"","ocean_menu_link_color_hover":"","ocean_menu_link_color_active":"","ocean_menu_link_background":"","ocean_menu_link_hover_background":"","ocean_menu_link_active_background":"","ocean_menu_social_links_bg":"","ocean_menu_social_hover_links_bg":"","ocean_menu_social_links_color":"","ocean_menu_social_hover_links_color":"","ocean_disable_title":"on","ocean_disable_heading":"default","ocean_post_title":"","ocean_post_subheading":"","ocean_post_title_style":"","ocean_post_title_background_color":"","ocean_post_title_background":0,"ocean_post_title_bg_image_position":"","ocean_post_title_bg_image_attachment":"","ocean_post_title_bg_image_repeat":"","ocean_post_title_bg_image_size":"","ocean_post_title_height":0,"ocean_post_title_bg_overlay":0.5,"ocean_post_title_bg_overlay_color":"","ocean_disable_breadcrumbs":"off","ocean_breadcrumbs_color":"#be7272","ocean_breadcrumbs_separator_color":"#2d569e","ocean_breadcrumbs_links_color":"","ocean_breadcrumbs_links_hover_color":"","ocean_display_footer_widgets":"off","ocean_display_footer_bottom":"off","ocean_custom_footer_template":"","_vp_format_video_url":"","_vp_image_focal_point":[],"footnotes":""},"class_list":["post-5578","page","type-page","status-publish","hentry","entry"],"featured_image_src":null,"yoast_head":"<!-- This site is optimized with the Yoast SEO plugin v27.4 - https:\/\/yoast.com\/product\/yoast-seo-wordpress\/ -->\n<title>Accueil -<\/title>\n<meta name=\"description\" content=\"Explorez la photographie du patrimoine souterrain \u00e0 travers des exp\u00e9riences immersives uniques dans les carri\u00e8res et les mines.\" \/>\n<meta name=\"robots\" content=\"index, follow, max-snippet:-1, max-image-preview:large, max-video-preview:-1\" \/>\n<link rel=\"canonical\" href=\"https:\/\/subterranologie.com\/en\/\" \/>\n<meta property=\"og:locale\" content=\"en_US\" \/>\n<meta property=\"og:type\" content=\"article\" \/>\n<meta property=\"og:title\" content=\"Accueil -\" \/>\n<meta property=\"og:description\" content=\"Explorez la photographie du patrimoine souterrain \u00e0 travers des exp\u00e9riences immersives uniques dans les carri\u00e8res et les mines.\" \/>\n<meta property=\"og:url\" content=\"https:\/\/subterranologie.com\/en\/\" \/>\n<meta property=\"article:publisher\" content=\"https:\/\/www.facebook.com\/profile.php?id=100064268013761\" \/>\n<meta property=\"article:modified_time\" content=\"2025-02-23T19:21:19+00:00\" \/>\n<meta property=\"og:image\" content=\"https:\/\/subterranologie.com\/wp-content\/uploads\/2024\/11\/53135369731_9047634b06_k.jpg\" \/>\n\t<meta property=\"og:image:width\" content=\"2048\" \/>\n\t<meta property=\"og:image:height\" content=\"1490\" \/>\n\t<meta property=\"og:image:type\" content=\"image\/jpeg\" \/>\n<meta name=\"twitter:card\" content=\"summary_large_image\" \/>\n<meta name=\"twitter:label1\" content=\"Est. reading time\" \/>\n\t<meta name=\"twitter:data1\" content=\"1 minute\" \/>\n<script type=\"application\/ld+json\" class=\"yoast-schema-graph\">{\"@context\":\"https:\\\/\\\/schema.org\",\"@graph\":[{\"@type\":\"WebPage\",\"@id\":\"https:\\\/\\\/subterranologie.com\\\/en\\\/\",\"url\":\"https:\\\/\\\/subterranologie.com\\\/en\\\/\",\"name\":\"Accueil -\",\"isPartOf\":{\"@id\":\"https:\\\/\\\/subterranologie.com\\\/en\\\/#website\"},\"primaryImageOfPage\":{\"@id\":\"https:\\\/\\\/subterranologie.com\\\/en\\\/#primaryimage\"},\"image\":{\"@id\":\"https:\\\/\\\/subterranologie.com\\\/en\\\/#primaryimage\"},\"thumbnailUrl\":\"https:\\\/\\\/subterranologie.com\\\/wp-content\\\/uploads\\\/2024\\\/11\\\/53135369731_9047634b06_k.jpg\",\"datePublished\":\"2024-01-12T12:15:53+00:00\",\"dateModified\":\"2025-02-23T19:21:19+00:00\",\"description\":\"Explorez la photographie du patrimoine souterrain \u00e0 travers des exp\u00e9riences immersives uniques dans les carri\u00e8res et les mines.\",\"breadcrumb\":{\"@id\":\"https:\\\/\\\/subterranologie.com\\\/en\\\/#breadcrumb\"},\"inLanguage\":\"en-US\",\"potentialAction\":[{\"@type\":\"ReadAction\",\"target\":[\"https:\\\/\\\/subterranologie.com\\\/en\\\/\"]}]},{\"@type\":\"ImageObject\",\"inLanguage\":\"en-US\",\"@id\":\"https:\\\/\\\/subterranologie.com\\\/en\\\/#primaryimage\",\"url\":\"https:\\\/\\\/subterranologie.com\\\/wp-content\\\/uploads\\\/2024\\\/11\\\/53135369731_9047634b06_k.jpg\",\"contentUrl\":\"https:\\\/\\\/subterranologie.com\\\/wp-content\\\/uploads\\\/2024\\\/11\\\/53135369731_9047634b06_k.jpg\"},{\"@type\":\"BreadcrumbList\",\"@id\":\"https:\\\/\\\/subterranologie.com\\\/en\\\/#breadcrumb\",\"itemListElement\":[{\"@type\":\"ListItem\",\"position\":1,\"name\":\"Accueil\",\"item\":\"https:\\\/\\\/subterranologie.com\\\/en\\\/\"},{\"@type\":\"ListItem\",\"position\":2,\"name\":\"Accueil\"}]},{\"@type\":\"WebSite\",\"@id\":\"https:\\\/\\\/subterranologie.com\\\/en\\\/#website\",\"url\":\"https:\\\/\\\/subterranologie.com\\\/en\\\/\",\"name\":\"Subterranologie\",\"description\":\"\",\"publisher\":{\"@id\":\"https:\\\/\\\/subterranologie.com\\\/en\\\/#organization\"},\"potentialAction\":[{\"@type\":\"SearchAction\",\"target\":{\"@type\":\"EntryPoint\",\"urlTemplate\":\"https:\\\/\\\/subterranologie.com\\\/en\\\/?s={search_term_string}\"},\"query-input\":{\"@type\":\"PropertyValueSpecification\",\"valueRequired\":true,\"valueName\":\"search_term_string\"}}],\"inLanguage\":\"en-US\"},{\"@type\":\"Organization\",\"@id\":\"https:\\\/\\\/subterranologie.com\\\/en\\\/#organization\",\"name\":\"Subterranologie\",\"url\":\"https:\\\/\\\/subterranologie.com\\\/en\\\/\",\"logo\":{\"@type\":\"ImageObject\",\"inLanguage\":\"en-US\",\"@id\":\"https:\\\/\\\/subterranologie.com\\\/en\\\/#\\\/schema\\\/logo\\\/image\\\/\",\"url\":\"https:\\\/\\\/subterranologie.com\\\/wp-content\\\/uploads\\\/2025\\\/12\\\/cropped-logo-subterranologi555e-1.png\",\"contentUrl\":\"https:\\\/\\\/subterranologie.com\\\/wp-content\\\/uploads\\\/2025\\\/12\\\/cropped-logo-subterranologi555e-1.png\",\"width\":276,\"height\":48,\"caption\":\"Subterranologie\"},\"image\":{\"@id\":\"https:\\\/\\\/subterranologie.com\\\/en\\\/#\\\/schema\\\/logo\\\/image\\\/\"},\"sameAs\":[\"https:\\\/\\\/www.facebook.com\\\/profile.php?id=100064268013761\",\"https:\\\/\\\/www.instagram.com\\\/subterranologie\\\/\"]}]}<\/script>\n<!-- \/ Yoast SEO plugin. -->","yoast_head_json":{"title":"Accueil -","description":"Explorez la photographie du patrimoine souterrain \u00e0 travers des exp\u00e9riences immersives uniques dans les carri\u00e8res et les mines.","robots":{"index":"index","follow":"follow","max-snippet":"max-snippet:-1","max-image-preview":"max-image-preview:large","max-video-preview":"max-video-preview:-1"},"canonical":"https:\/\/subterranologie.com\/en\/","og_locale":"en_US","og_type":"article","og_title":"Accueil -","og_description":"Explorez la photographie du patrimoine souterrain \u00e0 travers des exp\u00e9riences immersives uniques dans les carri\u00e8res et les mines.","og_url":"https:\/\/subterranologie.com\/en\/","article_publisher":"https:\/\/www.facebook.com\/profile.php?id=100064268013761","article_modified_time":"2025-02-23T19:21:19+00:00","og_image":[{"width":2048,"height":1490,"url":"https:\/\/subterranologie.com\/wp-content\/uploads\/2024\/11\/53135369731_9047634b06_k.jpg","type":"image\/jpeg"}],"twitter_card":"summary_large_image","twitter_misc":{"Est. reading time":"1 minute"},"schema":{"@context":"https:\/\/schema.org","@graph":[{"@type":"WebPage","@id":"https:\/\/subterranologie.com\/en\/","url":"https:\/\/subterranologie.com\/en\/","name":"Accueil -","isPartOf":{"@id":"https:\/\/subterranologie.com\/en\/#website"},"primaryImageOfPage":{"@id":"https:\/\/subterranologie.com\/en\/#primaryimage"},"image":{"@id":"https:\/\/subterranologie.com\/en\/#primaryimage"},"thumbnailUrl":"https:\/\/subterranologie.com\/wp-content\/uploads\/2024\/11\/53135369731_9047634b06_k.jpg","datePublished":"2024-01-12T12:15:53+00:00","dateModified":"2025-02-23T19:21:19+00:00","description":"Explorez la photographie du patrimoine souterrain \u00e0 travers des exp\u00e9riences immersives uniques dans les carri\u00e8res et les mines.","breadcrumb":{"@id":"https:\/\/subterranologie.com\/en\/#breadcrumb"},"inLanguage":"en-US","potentialAction":[{"@type":"ReadAction","target":["https:\/\/subterranologie.com\/en\/"]}]},{"@type":"ImageObject","inLanguage":"en-US","@id":"https:\/\/subterranologie.com\/en\/#primaryimage","url":"https:\/\/subterranologie.com\/wp-content\/uploads\/2024\/11\/53135369731_9047634b06_k.jpg","contentUrl":"https:\/\/subterranologie.com\/wp-content\/uploads\/2024\/11\/53135369731_9047634b06_k.jpg"},{"@type":"BreadcrumbList","@id":"https:\/\/subterranologie.com\/en\/#breadcrumb","itemListElement":[{"@type":"ListItem","position":1,"name":"Accueil","item":"https:\/\/subterranologie.com\/en\/"},{"@type":"ListItem","position":2,"name":"Accueil"}]},{"@type":"WebSite","@id":"https:\/\/subterranologie.com\/en\/#website","url":"https:\/\/subterranologie.com\/en\/","name":"Subterranologie","description":"","publisher":{"@id":"https:\/\/subterranologie.com\/en\/#organization"},"potentialAction":[{"@type":"SearchAction","target":{"@type":"EntryPoint","urlTemplate":"https:\/\/subterranologie.com\/en\/?s={search_term_string}"},"query-input":{"@type":"PropertyValueSpecification","valueRequired":true,"valueName":"search_term_string"}}],"inLanguage":"en-US"},{"@type":"Organization","@id":"https:\/\/subterranologie.com\/en\/#organization","name":"Subterranologie","url":"https:\/\/subterranologie.com\/en\/","logo":{"@type":"ImageObject","inLanguage":"en-US","@id":"https:\/\/subterranologie.com\/en\/#\/schema\/logo\/image\/","url":"https:\/\/subterranologie.com\/wp-content\/uploads\/2025\/12\/cropped-logo-subterranologi555e-1.png","contentUrl":"https:\/\/subterranologie.com\/wp-content\/uploads\/2025\/12\/cropped-logo-subterranologi555e-1.png","width":276,"height":48,"caption":"Subterranologie"},"image":{"@id":"https:\/\/subterranologie.com\/en\/#\/schema\/logo\/image\/"},"sameAs":["https:\/\/www.facebook.com\/profile.php?id=100064268013761","https:\/\/www.instagram.com\/subterranologie\/"]}]}},"_links":{"self":[{"href":"https:\/\/subterranologie.com\/en\/wp-json\/wp\/v2\/pages\/5578","targetHints":{"allow":["GET"]}}],"collection":[{"href":"https:\/\/subterranologie.com\/en\/wp-json\/wp\/v2\/pages"}],"about":[{"href":"https:\/\/subterranologie.com\/en\/wp-json\/wp\/v2\/types\/page"}],"author":[{"embeddable":true,"href":"https:\/\/subterranologie.com\/en\/wp-json\/wp\/v2\/users\/1"}],"replies":[{"embeddable":true,"href":"https:\/\/subterranologie.com\/en\/wp-json\/wp\/v2\/comments?post=5578"}],"version-history":[{"count":7,"href":"https:\/\/subterranologie.com\/en\/wp-json\/wp\/v2\/pages\/5578\/revisions"}],"predecessor-version":[{"id":5795,"href":"https:\/\/subterranologie.com\/en\/wp-json\/wp\/v2\/pages\/5578\/revisions\/5795"}],"wp:attachment":[{"href":"https:\/\/subterranologie.com\/en\/wp-json\/wp\/v2\/media?parent=5578"}],"curies":[{"name":"wp","href":"https:\/\/api.w.org\/{rel}","templated":true}]}}